{"id":144,"date":"2017-03-12T19:21:06","date_gmt":"2017-03-12T19:21:06","guid":{"rendered":"http:\/\/burgkindi.de\/?page_id=144"},"modified":"2017-09-05T17:30:50","modified_gmt":"2017-09-05T17:30:50","slug":"anfahrt","status":"publish","type":"page","link":"http:\/\/burgkindi.de\/?page_id=144","title":{"rendered":"Anfahrt"},"content":{"rendered":"<p><a href=\"http:\/\/burgkindi.de\/wp-content\/uploads\/2017\/03\/anfahrt.jpg\" target=\"_blank\"><img decoding=\"async\" loading=\"lazy\" class=\"alignleft wp-image-145 size-medium\" src=\"http:\/\/burgkindi.de\/wp-content\/uploads\/2017\/03\/anfahrt-300x196.jpg\" alt=\"Anfahrt Gemeindezentrum\" width=\"300\" height=\"196\" srcset=\"http:\/\/burgkindi.de\/wp-content\/uploads\/2017\/03\/anfahrt-300x196.jpg 300w, http:\/\/burgkindi.de\/wp-content\/uploads\/2017\/03\/anfahrt-768x503.jpg 768w, http:\/\/burgkindi.de\/wp-content\/uploads\/2017\/03\/anfahrt-1024x671.jpg 1024w, http:\/\/burgkindi.de\/wp-content\/uploads\/2017\/03\/anfahrt.jpg 1069w\" sizes=\"(max-width: 300px) 100vw, 300px\" \/><\/a>Wenn Sie mit den \u00f6ffentlichen Verkehrsmitteln kommen, nehmen Sie die U2 oder die Buslinie 91 bis Beethovenstra\u00dfe. Von dort sind es nur ein paar Gehminuten zum Gemeindezentrum.<\/p>\n<p>Mit dem Auto haben Sie rund um das Gemeindezentrum viele Parkm\u00f6glichkeiten:<\/p>\n<p>Ein Parkplatz befindet sich direkt hinter dem Gemeindezentrum (Einfahrt \u00fcber F\u00f6rstlerstra\u00dfe). Weitere, ebenfalls kostenlose Parkpl\u00e4tze finden sich in den Stra\u00dfen der Umgebung.<\/p>\n<p>Der orangefarbene Pfeil zeigt den Eingang des Gemeindezentrums. Leider sind die Zug\u00e4nge nicht ganz barrierefrei. Die Treppen haben aber Rampen f\u00fcr Kinderw\u00e4gen und Rollst\u00fchle.<\/p>\n<p>Im Gemeindezentrum selbst gibt es weitere Treppenstufen, die nicht mit einer Rampe versehen sind.<\/p>\n<p>&nbsp;<\/p>\n","protected":false},"excerpt":{"rendered":"<p>Wenn Sie mit den \u00f6ffentlichen Verkehrsmitteln kommen, nehmen Sie die U2 oder die Buslinie 91 bis Beethovenstra\u00dfe. Von dort sind es nur ein paar Gehminuten zum Gemeindezentrum. Mit dem Auto haben Sie rund um das Gemeindezentrum viele Parkm\u00f6glichkeiten: Ein Parkplatz<\/p>\n","protected":false},"author":1,"featured_media":0,"parent":40,"menu_order":0,"comment_status":"closed","ping_status":"closed","template":"","meta":{"footnotes":""},"_links":{"self":[{"href":"http:\/\/burgkindi.de\/index.php?rest_route=\/wp\/v2\/pages\/144"}],"collection":[{"href":"http:\/\/burgkindi.de\/index.php?rest_route=\/wp\/v2\/pages"}],"about":[{"href":"http:\/\/burgkindi.de\/index.php?rest_route=\/wp\/v2\/types\/page"}],"author":[{"embeddable":true,"href":"http:\/\/burgkindi.de\/index.php?rest_route=\/wp\/v2\/users\/1"}],"replies":[{"embeddable":true,"href":"http:\/\/burgkindi.de\/index.php?rest_route=%2Fwp%2Fv2%2Fcomments&post=144"}],"version-history":[{"count":4,"href":"http:\/\/burgkindi.de\/index.php?rest_route=\/wp\/v2\/pages\/144\/revisions"}],"predecessor-version":[{"id":157,"href":"http:\/\/burgkindi.de\/index.php?rest_route=\/wp\/v2\/pages\/144\/revisions\/157"}],"up":[{"embeddable":true,"href":"http:\/\/burgkindi.de\/index.php?rest_route=\/wp\/v2\/pages\/40"}],"wp:attachment":[{"href":"http:\/\/burgkindi.de\/index.php?rest_route=%2Fwp%2Fv2%2Fmedia&parent=144"}],"curies":[{"name":"wp","href":"https:\/\/api.w.org\/{rel}","templated":true}]}}