{"id":321,"date":"2025-01-22T14:39:22","date_gmt":"2025-01-22T14:39:22","guid":{"rendered":"http:\/\/burgkindi.de\/?page_id=321"},"modified":"2025-01-22T14:41:28","modified_gmt":"2025-01-22T14:41:28","slug":"tagesablauf","status":"publish","type":"page","link":"https:\/\/burgkindi.de\/?page_id=321","title":{"rendered":"Tagesablauf"},"content":{"rendered":"\n<p>Die Kinder werden von ihren Eltern zwischen 7.30 Uhr und 9.00 Uhr in den Kindergarten gebracht und k\u00f6nnen dann frei entscheiden, ob sie zuerst fr\u00fchst\u00fccken oder gruppen\u00fcbergreifend in einem Bereich spielen m\u00f6chten.                                                                                                                                         Ab 9.30 Uhr beginnt die Stammgruppenzeit*, in der Freispiel-Aktionen, Ausfl\u00fcge, kreative oder experimentelle Angebote, Morgenkreise, etc. stattfinden. Um 12 Uhr ist das gemeinsame Vesper und die Kinder k\u00f6nnen dann um 12.30 Uhr, 13.00 Uhr oder 13.30 Uhr abgeholt werden.<\/p>\n\n\n\n<p>*Stammgruppe bedeutet, dass die Kinder je nach Alter und Entwicklungsstand in vier Kleingruppen unterteilt sind: M\u00e4use, Hamster, Schlangen und F\u00fcchse, in denen sie bestimmte Aktivit\u00e4ten, wie z.B. den Morgenkreis durchf\u00fchren, so dass jedes Kind seinem Entwicklungsstand angemessen gef\u00f6rdert wird.<br><br>Zur Dokumentation der individuellen Entwicklung jeden Kindes arbeiten wir mit Bildungs- und Lerngeschichten. Zum&nbsp;<strong>Konzept der Bildungs- und Lerngeschichten<\/strong>&nbsp;geh\u00f6rt u.a. auch eine Umgebung zu schaffen, in der die Kinder sich wohl und zugeh\u00f6rig f\u00fchlen, in der sie sich frei entfalten und selbst t\u00e4tig werden und gemeinsam mit anderen Kindern oder Erwachsenen in den Austausch gehen k\u00f6nnen. Dies ist ein wichtiger Grundstein unserer allt\u00e4glichen p\u00e4dagogischen Arbeit.<\/p>\n","protected":false},"excerpt":{"rendered":"<p>Die Kinder werden von ihren Eltern zwischen 7.30 Uhr und 9.00 Uhr in den Kindergarten gebracht und k\u00f6nnen dann frei entscheiden, ob sie zuerst fr\u00fchst\u00fccken oder gruppen\u00fcbergreifend in einem Bereich spielen m\u00f6chten. Ab 9.30 Uhr beginnt die Stammgruppenzeit*, in der<\/p>\n","protected":false},"author":1,"featured_media":0,"parent":0,"menu_order":2,"comment_status":"closed","ping_status":"closed","template":"","meta":{"footnotes":""},"_links":{"self":[{"href":"https:\/\/burgkindi.de\/index.php?rest_route=\/wp\/v2\/pages\/321"}],"collection":[{"href":"https:\/\/burgkindi.de\/index.php?rest_route=\/wp\/v2\/pages"}],"about":[{"href":"https:\/\/burgkindi.de\/index.php?rest_route=\/wp\/v2\/types\/page"}],"author":[{"embeddable":true,"href":"https:\/\/burgkindi.de\/index.php?rest_route=\/wp\/v2\/users\/1"}],"replies":[{"embeddable":true,"href":"https:\/\/burgkindi.de\/index.php?rest_route=%2Fwp%2Fv2%2Fcomments&post=321"}],"version-history":[{"count":2,"href":"https:\/\/burgkindi.de\/index.php?rest_route=\/wp\/v2\/pages\/321\/revisions"}],"predecessor-version":[{"id":323,"href":"https:\/\/burgkindi.de\/index.php?rest_route=\/wp\/v2\/pages\/321\/revisions\/323"}],"wp:attachment":[{"href":"https:\/\/burgkindi.de\/index.php?rest_route=%2Fwp%2Fv2%2Fmedia&parent=321"}],"curies":[{"name":"wp","href":"https:\/\/api.w.org\/{rel}","templated":true}]}}