{"id":94,"date":"2017-03-05T20:08:16","date_gmt":"2017-03-05T20:08:16","guid":{"rendered":"http:\/\/burgkindi.de\/?page_id=94"},"modified":"2025-07-01T13:39:27","modified_gmt":"2025-07-01T13:39:27","slug":"tischmiete","status":"publish","type":"page","link":"https:\/\/burgkindi.de\/?page_id=94","title":{"rendered":"Tischmiete"},"content":{"rendered":"<p>Ein Tisch kann f\u00fcr <strong>15\u20ac<\/strong> gemietet werden, es stehen 32 Tische zur Verf\u00fcgung.<br \/>\nZu jedem Tisch, kann max. eine Kleiderstange mitgebracht werden.<\/p>\n<p>Die Tische k\u00f6nnen \u00fcber die E-Mail <strong>kinderbasarbotnang@magenta.de<\/strong> oder \u00fcber das <strong>Anmeldeformular<\/strong> gemietet werden.<\/p>\n<p>Es gibt zwei kleine Kindertische f\u00fcr <strong>7\u20ac<\/strong> im Eingangsbereich, an denen Kinder mit Einverst\u00e4ndnis der Eltern, eigenst\u00e4ndig ihre Spielsachen verkaufen k\u00f6nnen.<\/p>\n<p>Bitte beachten: Einlass und Aufbau erst ab 08:30Uhr, bitte vor dem Aufbau am Haupteingang die Tischmiete bezahlen.<\/p>\n","protected":false},"excerpt":{"rendered":"<p>Ein Tisch kann f\u00fcr 15\u20ac gemietet werden, es stehen 32 Tische zur Verf\u00fcgung. Zu jedem Tisch, kann max. eine Kleiderstange mitgebracht werden. Die Tische k\u00f6nnen \u00fcber die E-Mail kinderbasarbotnang@magenta.de oder \u00fcber das Anmeldeformular gemietet werden. Es gibt zwei kleine Kindertische<\/p>\n","protected":false},"author":1,"featured_media":0,"parent":40,"menu_order":1,"comment_status":"closed","ping_status":"closed","template":"","meta":{"footnotes":""},"_links":{"self":[{"href":"https:\/\/burgkindi.de\/index.php?rest_route=\/wp\/v2\/pages\/94"}],"collection":[{"href":"https:\/\/burgkindi.de\/index.php?rest_route=\/wp\/v2\/pages"}],"about":[{"href":"https:\/\/burgkindi.de\/index.php?rest_route=\/wp\/v2\/types\/page"}],"author":[{"embeddable":true,"href":"https:\/\/burgkindi.de\/index.php?rest_route=\/wp\/v2\/users\/1"}],"replies":[{"embeddable":true,"href":"https:\/\/burgkindi.de\/index.php?rest_route=%2Fwp%2Fv2%2Fcomments&post=94"}],"version-history":[{"count":10,"href":"https:\/\/burgkindi.de\/index.php?rest_route=\/wp\/v2\/pages\/94\/revisions"}],"predecessor-version":[{"id":368,"href":"https:\/\/burgkindi.de\/index.php?rest_route=\/wp\/v2\/pages\/94\/revisions\/368"}],"up":[{"embeddable":true,"href":"https:\/\/burgkindi.de\/index.php?rest_route=\/wp\/v2\/pages\/40"}],"wp:attachment":[{"href":"https:\/\/burgkindi.de\/index.php?rest_route=%2Fwp%2Fv2%2Fmedia&parent=94"}],"curies":[{"name":"wp","href":"https:\/\/api.w.org\/{rel}","templated":true}]}}