{"id":96,"date":"2017-03-05T20:12:55","date_gmt":"2017-03-05T20:12:55","guid":{"rendered":"http:\/\/burgkindi.de\/?page_id=96"},"modified":"2025-07-01T13:34:27","modified_gmt":"2025-07-01T13:34:27","slug":"aufbau","status":"publish","type":"page","link":"https:\/\/burgkindi.de\/?page_id=96","title":{"rendered":"Aufbau"},"content":{"rendered":"<p><strong>Am Basar-Tag k\u00f6nnen Sie ab 08:30Uhr aufbauen.<\/strong><\/p>\n<p>Um einen reibungslosen Ablauf zu gew\u00e4hrleisten, bitten wir Sie, zuerst \u2013 vor dem Aufbau \u2013 die Standgeb\u00fchr am Haupteingang zu bezahlen.<\/p>\n<p>Zu jedem Tisch darf max. nur eine Kleiderstange gestellt werden!<\/p>\n<p>Wenn Sie gro\u00dfe Gegenst\u00e4nde, wie z.B. Kinderwagen oder Bobby Car haben, k\u00f6nnen Sie diese \u00a0&#8211; versehen mit der Nummer Ihres Tisches &#8211; auf die B\u00fchne im gro\u00dfen Saal stellen.<\/p>\n<p><strong>Der Verkauf startet um 10 Uhr und endet um 12 Uhr.<\/strong><\/p>\n","protected":false},"excerpt":{"rendered":"<p>Am Basar-Tag k\u00f6nnen Sie ab 08:30Uhr aufbauen. Um einen reibungslosen Ablauf zu gew\u00e4hrleisten, bitten wir Sie, zuerst \u2013 vor dem Aufbau \u2013 die Standgeb\u00fchr am Haupteingang zu bezahlen. Zu jedem Tisch darf max. nur eine Kleiderstange gestellt werden! Wenn Sie<\/p>\n","protected":false},"author":1,"featured_media":0,"parent":40,"menu_order":2,"comment_status":"closed","ping_status":"closed","template":"","meta":{"footnotes":""},"_links":{"self":[{"href":"https:\/\/burgkindi.de\/index.php?rest_route=\/wp\/v2\/pages\/96"}],"collection":[{"href":"https:\/\/burgkindi.de\/index.php?rest_route=\/wp\/v2\/pages"}],"about":[{"href":"https:\/\/burgkindi.de\/index.php?rest_route=\/wp\/v2\/types\/page"}],"author":[{"embeddable":true,"href":"https:\/\/burgkindi.de\/index.php?rest_route=\/wp\/v2\/users\/1"}],"replies":[{"embeddable":true,"href":"https:\/\/burgkindi.de\/index.php?rest_route=%2Fwp%2Fv2%2Fcomments&post=96"}],"version-history":[{"count":7,"href":"https:\/\/burgkindi.de\/index.php?rest_route=\/wp\/v2\/pages\/96\/revisions"}],"predecessor-version":[{"id":366,"href":"https:\/\/burgkindi.de\/index.php?rest_route=\/wp\/v2\/pages\/96\/revisions\/366"}],"up":[{"embeddable":true,"href":"https:\/\/burgkindi.de\/index.php?rest_route=\/wp\/v2\/pages\/40"}],"wp:attachment":[{"href":"https:\/\/burgkindi.de\/index.php?rest_route=%2Fwp%2Fv2%2Fmedia&parent=96"}],"curies":[{"name":"wp","href":"https:\/\/api.w.org\/{rel}","templated":true}]}}